{"id":17,"date":"2022-03-23T20:55:17","date_gmt":"2022-03-23T23:55:17","guid":{"rendered":"https:\/\/millarchadvocacia.com.br\/blog\/?page_id=17"},"modified":"2022-03-23T20:56:31","modified_gmt":"2022-03-23T23:56:31","slug":"nosso-escritorio","status":"publish","type":"page","link":"https:\/\/millarchadvocacia.com.br\/blog\/nosso-escritorio\/","title":{"rendered":"Nosso Escrit\u00f3rio"},"content":{"rendered":"\n<p>Fundando em 2016, o escrit\u00f3rio Rafael Millarch Advocacia tem crescido de forma acentuada devido ao nosso comprometimento e transpar\u00eancia para cada trabalho realizado.<\/p>\n\n\n\n<p>A busca de um atendimento personalizado que proporcione qualidade e agilidade jur\u00eddica tem sido nosso diferencial, assim como a busca em apresentar solu\u00e7\u00f5es jur\u00eddicas com grande profundidade t\u00e9cnica, de uma forma descomplicada, a fim de que nossos clientes sintam seguran\u00e7a e clareza em todas as informa\u00e7\u00f5es que lhe s\u00e3o passadas a respeito de suas demandas consultivas ou contenciosas.<\/p>\n\n\n\n<p>Atualmente estamos com atua\u00e7\u00e3o em 6 Estados Brasileiros: Paran\u00e1, Santa Catarina, S\u00e3o Paulo, Rio Grande do Sul, Rio de Janeiro e Goi\u00e1s.<\/p>\n\n\n\n<h4 class=\"wp-block-heading\">Miss\u00e3o, Vis\u00e3o e Valores<\/h4>\n\n\n\n<p><strong>Miss\u00e3o:<\/strong>&nbsp;Fazer a diferen\u00e7a na vida dos clientes oferecendo a melhor solu\u00e7\u00e3o para cada trabalho a ser realizado.<\/p>\n\n\n\n<p><strong>Vis\u00e3o:<\/strong>&nbsp;Ser refer\u00eancia jur\u00eddica na presta\u00e7\u00e3o dos servi\u00e7os, com excel\u00eancia, agilidade, efici\u00eancia e transpar\u00eancia.<\/p>\n\n\n\n<p><strong>Valores:<\/strong>&nbsp;Integridade e \u00e9tica profissional, confian\u00e7a, organiza\u00e7\u00e3o, excel\u00eancia, prote\u00e7\u00e3o e privacidade.<\/p>\n","protected":false},"excerpt":{"rendered":"<p>Fundando em 2016, o escrit\u00f3rio Rafael Millarch Advocacia tem crescido de forma acentuada devido ao nosso comprometimento e transpar\u00eancia para cada trabalho realizado. A busca de um atendimento personalizado que proporcione qualidade e agilidade jur\u00eddica tem sido nosso diferencial, assim como a busca em apresentar solu\u00e7\u00f5es jur\u00eddicas com grande profundidade t\u00e9cnica, de uma forma descomplicada, [&hellip;]<\/p>\n","protected":false},"author":1,"featured_media":0,"parent":0,"menu_order":0,"comment_status":"closed","ping_status":"closed","template":"","meta":{"footnotes":""},"class_list":["post-17","page","type-page","status-publish","hentry"],"_links":{"self":[{"href":"https:\/\/millarchadvocacia.com.br\/blog\/wp-json\/wp\/v2\/pages\/17","targetHints":{"allow":["GET"]}}],"collection":[{"href":"https:\/\/millarchadvocacia.com.br\/blog\/wp-json\/wp\/v2\/pages"}],"about":[{"href":"https:\/\/millarchadvocacia.com.br\/blog\/wp-json\/wp\/v2\/types\/page"}],"author":[{"embeddable":true,"href":"https:\/\/millarchadvocacia.com.br\/blog\/wp-json\/wp\/v2\/users\/1"}],"replies":[{"embeddable":true,"href":"https:\/\/millarchadvocacia.com.br\/blog\/wp-json\/wp\/v2\/comments?post=17"}],"version-history":[{"count":2,"href":"https:\/\/millarchadvocacia.com.br\/blog\/wp-json\/wp\/v2\/pages\/17\/revisions"}],"predecessor-version":[{"id":20,"href":"https:\/\/millarchadvocacia.com.br\/blog\/wp-json\/wp\/v2\/pages\/17\/revisions\/20"}],"wp:attachment":[{"href":"https:\/\/millarchadvocacia.com.br\/blog\/wp-json\/wp\/v2\/media?parent=17"}],"curies":[{"name":"wp","href":"https:\/\/api.w.org\/{rel}","templated":true}]}}