{"id":21,"date":"2022-03-23T20:58:28","date_gmt":"2022-03-23T23:58:28","guid":{"rendered":"https:\/\/millarchadvocacia.com.br\/blog\/?page_id=21"},"modified":"2022-03-23T21:02:31","modified_gmt":"2022-03-24T00:02:31","slug":"fale-conosco-agora","status":"publish","type":"page","link":"https:\/\/millarchadvocacia.com.br\/blog\/fale-conosco-agora\/","title":{"rendered":"Fale\u00a0conosco agora"},"content":{"rendered":"\n<p>Mande uma mensagem diretamente para nosso WhatsApp e vamos conversar sobre o seu caso. Voc\u00ea tamb\u00e9m pode nos enviar um e-mail direto usando o formul\u00e1rio.<\/p>\n\n\n\n<div class=\"wp-block-buttons is-layout-flex wp-block-buttons-is-layout-flex\">\n<div class=\"wp-block-button is-style-fill\" id=\"https:\/\/api.whatsapp.com\/send?phone=5541991592591&amp;text=Ol%C3%A1,%20estou%20entrando%20em%20contato%20pelo%20site!\"><a class=\"wp-block-button__link has-vivid-green-cyan-background-color has-background\"><img loading=\"lazy\" decoding=\"async\" width=\"15\" height=\"15\" class=\"wp-image-23\" style=\"width: 15px;\" src=\"https:\/\/millarchadvocacia.com.br\/blog\/wp-content\/uploads\/2022\/03\/whatsapp.png\" alt=\"\"> WhatsApp<\/a><\/div>\n\n\n\n<div class=\"wp-block-button\" id=\"tel:554130861412\"><a class=\"wp-block-button__link has-vivid-cyan-blue-background-color has-background\"><img loading=\"lazy\" decoding=\"async\" width=\"15\" height=\"15\" class=\"wp-image-24\" style=\"width: 15px;\" src=\"https:\/\/millarchadvocacia.com.br\/blog\/wp-content\/uploads\/2022\/03\/1055012_phone_communication_telephone_icon.png\" alt=\"\"> Telefone<\/a><\/div>\n<\/div>\n\n\n\n<p><\/p>\n","protected":false},"excerpt":{"rendered":"<p>Mande uma mensagem diretamente para nosso WhatsApp e vamos conversar sobre o seu caso. Voc\u00ea tamb\u00e9m pode nos enviar um e-mail direto usando o formul\u00e1rio.<\/p>\n","protected":false},"author":1,"featured_media":0,"parent":0,"menu_order":0,"comment_status":"closed","ping_status":"closed","template":"","meta":{"footnotes":""},"class_list":["post-21","page","type-page","status-publish","hentry"],"_links":{"self":[{"href":"https:\/\/millarchadvocacia.com.br\/blog\/wp-json\/wp\/v2\/pages\/21","targetHints":{"allow":["GET"]}}],"collection":[{"href":"https:\/\/millarchadvocacia.com.br\/blog\/wp-json\/wp\/v2\/pages"}],"about":[{"href":"https:\/\/millarchadvocacia.com.br\/blog\/wp-json\/wp\/v2\/types\/page"}],"author":[{"embeddable":true,"href":"https:\/\/millarchadvocacia.com.br\/blog\/wp-json\/wp\/v2\/users\/1"}],"replies":[{"embeddable":true,"href":"https:\/\/millarchadvocacia.com.br\/blog\/wp-json\/wp\/v2\/comments?post=21"}],"version-history":[{"count":4,"href":"https:\/\/millarchadvocacia.com.br\/blog\/wp-json\/wp\/v2\/pages\/21\/revisions"}],"predecessor-version":[{"id":27,"href":"https:\/\/millarchadvocacia.com.br\/blog\/wp-json\/wp\/v2\/pages\/21\/revisions\/27"}],"wp:attachment":[{"href":"https:\/\/millarchadvocacia.com.br\/blog\/wp-json\/wp\/v2\/media?parent=21"}],"curies":[{"name":"wp","href":"https:\/\/api.w.org\/{rel}","templated":true}]}}